{"id":1584,"date":"2026-01-03T12:45:58","date_gmt":"2026-01-03T12:45:58","guid":{"rendered":"https:\/\/justcoverit.se\/?page_id=1584"},"modified":"2026-02-27T12:29:13","modified_gmt":"2026-02-27T12:29:13","slug":"front-page","status":"publish","type":"page","link":"https:\/\/justcoverit.se\/","title":{"rendered":"Front page"},"content":{"rendered":"<p>[et_pb_section fb_built=&#8221;1&#8243; admin_label=&#8221;Header&#8221; _builder_version=&#8221;4.27.5&#8243; _module_preset=&#8221;default&#8221; use_background_color_gradient=&#8221;on&#8221; background_color_gradient_stops=&#8221;rgba(0,0,0,0.5) 0%|rgba(0,0,0,0.5) 100%&#8221; background_color_gradient_overlays_image=&#8221;on&#8221; background_image=&#8221;https:\/\/justcoverit.se\/wp-content\/uploads\/2025\/12\/4k-golf-course-sunny-day-sy5pijyc2365hj5m.jpg&#8221; custom_padding=&#8221;8%||8%||true|false&#8221; locked=&#8221;off&#8221; collapsed=&#8221;on&#8221;][et_pb_row _builder_version=&#8221;4.24.2&#8243; _module_preset=&#8221;default&#8221; width=&#8221;90%&#8221; max_width=&#8221;2000px&#8221; locked=&#8221;off&#8221; global_colors_info=&#8221;{}&#8221;][et_pb_column type=&#8221;4_4&#8243; _builder_version=&#8221;4.24.1&#8243; _module_preset=&#8221;default&#8221; global_colors_info=&#8221;{}&#8221;][et_pb_image src=&#8221;https:\/\/justcoverit.se\/wp-content\/uploads\/2026\/01\/just_cover_it_150x150.png&#8221; title_text=&#8221;just_cover_it_150x150&#8243; align=&#8221;center&#8221; _builder_version=&#8221;4.27.5&#8243; _module_preset=&#8221;default&#8221; max_width=&#8221;100px&#8221; max_height=&#8221;673px&#8221; custom_margin=&#8221;||10px||false|false&#8221; custom_padding=&#8221;|0px||||&#8221; global_colors_info=&#8221;{}&#8221;][\/et_pb_image][et_pb_text _builder_version=&#8221;4.24.2&#8243; _module_preset=&#8221;_initial&#8221; header_font=&#8221;Shippori Mincho|||on|||||&#8221; header_text_color=&#8221;#FFFFFF&#8221; header_font_size=&#8221;80px&#8221; header_line_height=&#8221;1.3em&#8221; text_orientation=&#8221;center&#8221; custom_margin=&#8221;||10px||false|false&#8221; header_font_size_tablet=&#8221;&#8221; header_font_size_phone=&#8221;24px&#8221; header_font_size_last_edited=&#8221;on|desktop&#8221; locked=&#8221;off&#8221; global_colors_info=&#8221;{}&#8221;]<\/p>\n<h1>F\u00f6r unika golfare<\/h1>\n<p>[\/et_pb_text][et_pb_text quote_border_color=&#8221;#FFFFFF&#8221; _builder_version=&#8221;4.24.2&#8243; _module_preset=&#8221;_initial&#8221; text_font=&#8221;Arial|||on|||||&#8221; text_text_color=&#8221;#FFFFFF&#8221; text_font_size=&#8221;20px&#8221; text_line_height=&#8221;1.6em&#8221; link_font=&#8221;||||on||||&#8221; link_text_color=&#8221;#FFFFFF&#8221; quote_text_color=&#8221;#FFFFFF&#8221; text_orientation=&#8221;center&#8221; max_width=&#8221;900px&#8221; module_alignment=&#8221;center&#8221; custom_padding=&#8221;||0px|||&#8221; text_font_size_tablet=&#8221;16px&#8221; text_font_size_phone=&#8221;&#8221; text_font_size_last_edited=&#8221;on|desktop&#8221; global_colors_info=&#8221;{}&#8221;]<\/p>\n<p>Vi \u00e4r ett UF-f\u00f6retag som designar unika golfheadcovers och l\u00e5ter dig skapa en personlig design. Perfekt f\u00f6r dig som vill sticka ut p\u00e5 banan!<\/p>\n<p>[\/et_pb_text][et_pb_button button_url=&#8221;@ET-DC@eyJkeW5hbWljIjp0cnVlLCJjb250ZW50IjoicG9zdF9saW5rX3VybF9wYWdlIiwic2V0dGluZ3MiOnsicG9zdF9pZCI6IjUzNyJ9fQ==@&#8221; button_text=&#8221;Fynda nu!&#8221; button_alignment=&#8221;center&#8221; _builder_version=&#8221;4.27.5&#8243; _dynamic_attributes=&#8221;button_url&#8221; _module_preset=&#8221;_initial&#8221; background_layout=&#8221;dark&#8221; custom_padding=&#8221;20px|30px|20px|30px|true|true&#8221; box_shadow_style=&#8221;preset4&#8243; box_shadow_horizontal=&#8221;0px&#8221; box_shadow_vertical=&#8221;2px&#8221; box_shadow_color=&#8221;#FFFFFF&#8221; global_colors_info=&#8221;{%22gcid-28366106-ecf8-496b-97f0-6a9be6882356%22:%91%22button_bg_color%22%93}&#8221;][\/et_pb_button][\/et_pb_column][\/et_pb_row][\/et_pb_section][et_pb_section fb_built=&#8221;1&#8243; admin_label=&#8221;About&#8221; _builder_version=&#8221;4.24.1&#8243; _module_preset=&#8221;default&#8221; min_height=&#8221;464.9px&#8221; custom_padding=&#8221;0vw||0vw||true|false&#8221; locked=&#8221;off&#8221; collapsed=&#8221;on&#8221;][et_pb_row _builder_version=&#8221;4.24.1&#8243; _module_preset=&#8221;default&#8221; global_colors_info=&#8221;{}&#8221;][et_pb_column type=&#8221;4_4&#8243; _builder_version=&#8221;4.24.1&#8243; _module_preset=&#8221;default&#8221; global_colors_info=&#8221;{}&#8221;][et_pb_text _builder_version=&#8221;4.24.1&#8243; _module_preset=&#8221;_initial&#8221; header_3_font=&#8221;Shippori Mincho||||||||&#8221; header_3_font_size=&#8221;52px&#8221; header_3_line_height=&#8221;1.3em&#8221; header_3_font_size_tablet=&#8221;28px&#8221; header_3_font_size_phone=&#8221;16px&#8221; header_3_font_size_last_edited=&#8221;on|desktop&#8221; global_colors_info=&#8221;{}&#8221;]<\/p>\n<h3>B\u00e4sts\u00e4ljare<\/h3>\n<p>[\/et_pb_text][\/et_pb_column][\/et_pb_row][et_pb_row _builder_version=&#8221;4.27.5&#8243; _module_preset=&#8221;default&#8221; min_height=&#8221;397.7px&#8221; global_colors_info=&#8221;{}&#8221;][et_pb_column type=&#8221;4_4&#8243; _builder_version=&#8221;4.27.5&#8243; _module_preset=&#8221;default&#8221; global_colors_info=&#8221;{}&#8221;][et_pb_shop type=&#8221;best_selling&#8221; posts_number=&#8221;4&#8243; columns_number=&#8221;4&#8243; sale_badge_color=&#8221;#ff1c1c&#8221; _builder_version=&#8221;4.27.5&#8243; _module_preset=&#8221;default&#8221; sale_price_text_color=&#8221;#E02B20&#8243; rating_text_color=&#8221;#EDF000&#8243; global_colors_info=&#8221;{%22gcid-secondary-color%22:%91%22icon_hover_color%22,%22icon_hover_color%22%93,%22gcid-bfa7fe62-254b-41c2-9e7c-1655cf29ea48%22:%91%22icon_hover_color%22,%22icon_hover_color%22%93}&#8221;][\/et_pb_shop][\/et_pb_column][\/et_pb_row][\/et_pb_section][et_pb_section fb_built=&#8221;1&#8243; _builder_version=&#8221;4.24.2&#8243; _module_preset=&#8221;default&#8221; custom_padding=&#8221;||||false|true&#8221; collapsed=&#8221;on&#8221;][et_pb_row column_structure=&#8221;1_3,2_3&#8243; _builder_version=&#8221;4.27.5&#8243; _module_preset=&#8221;default&#8221; background_enable_image=&#8221;off&#8221; width=&#8221;90%&#8221; max_width=&#8221;2000px&#8221; global_colors_info=&#8221;{}&#8221;][et_pb_column type=&#8221;1_3&#8243; _builder_version=&#8221;4.24.1&#8243; _module_preset=&#8221;default&#8221; custom_padding=&#8221;||||false|false&#8221; global_colors_info=&#8221;{}&#8221;][et_pb_image src=&#8221;https:\/\/justcoverit.se\/wp-content\/uploads\/2026\/02\/jag-spelar-med-slice-guld-1.png&#8221; title_text=&#8221;jag spelar med slice guld (1)&#8221; url=&#8221;@ET-DC@eyJkeW5hbWljIjp0cnVlLCJjb250ZW50IjoicG9zdF9saW5rX3VybF9wcm9kdWN0Iiwic2V0dGluZ3MiOnsicG9zdF9pZCI6IjE2OTAifX0=@&#8221; _builder_version=&#8221;4.27.5&#8243; _dynamic_attributes=&#8221;url&#8221; _module_preset=&#8221;default&#8221; scroll_vertical_motion_enable=&#8221;on&#8221; scroll_vertical_motion=&#8221;0|50|50|100|1|0|-1&#8243; hover_enabled=&#8221;0&#8243; locked=&#8221;off&#8221; global_colors_info=&#8221;{}&#8221; sticky_enabled=&#8221;0&#8243;][\/et_pb_image][et_pb_text quote_border_color=&#8221;#000000&#8243; _builder_version=&#8221;4.27.5&#8243; _dynamic_attributes=&#8221;link_option_url&#8221; _module_preset=&#8221;_initial&#8221; text_font=&#8221;Poppins||||||||&#8221; text_line_height=&#8221;1.65em&#8221; link_font=&#8221;||||on||||&#8221; link_text_color=&#8221;#000000&#8243; quote_text_color=&#8221;#000000&#8243; max_width=&#8221;320px&#8221; link_option_url=&#8221;@ET-DC@eyJkeW5hbWljIjp0cnVlLCJjb250ZW50IjoicG9zdF9saW5rX3VybF9wcm9kdWN0Iiwic2V0dGluZ3MiOnsicG9zdF9pZCI6IjE2OTAifX0=@&#8221; hover_enabled=&#8221;0&#8243; text_font_size_tablet=&#8221;&#8221; text_font_size_phone=&#8221;&#8221; text_font_size_last_edited=&#8221;on|desktop&#8221; locked=&#8221;off&#8221; global_colors_info=&#8221;{}&#8221; sticky_enabled=&#8221;0&#8243;]<\/p>\n<p data-pm-slice=\"1 1 []\">Den mest relaterbara headcovern som finns p\u00e5 marknaden! <strong>Fynda nu!<\/strong><\/p>\n<p>[\/et_pb_text][\/et_pb_column][et_pb_column type=&#8221;2_3&#8243; _builder_version=&#8221;4.24.2&#8243; _module_preset=&#8221;default&#8221; custom_padding=&#8221;||14vw||false|false&#8221; custom_padding_tablet=&#8221;||0%||false|false&#8221; custom_padding_phone=&#8221;||0%||false|false&#8221; custom_padding_last_edited=&#8221;on|tablet&#8221; global_colors_info=&#8221;{}&#8221;][et_pb_text _builder_version=&#8221;4.27.5&#8243; _module_preset=&#8221;_initial&#8221; text_font=&#8221;Abril Fatface||||||||&#8221; text_font_size=&#8221;41px&#8221; link_font=&#8221;||||on||||&#8221; header_3_font=&#8221;Shippori Mincho||||||||&#8221; header_3_font_size=&#8221;52px&#8221; header_3_line_height=&#8221;1.3em&#8221; custom_margin=&#8221;||10px||false|false&#8221; header_3_font_size_tablet=&#8221;28px&#8221; header_3_font_size_phone=&#8221;16px&#8221; header_3_font_size_last_edited=&#8221;on|desktop&#8221; locked=&#8221;off&#8221; global_colors_info=&#8221;{}&#8221;]<\/p>\n<p><strong>Varf\u00f6r v\u00e5ra headcovers?<\/strong><\/p>\n<p>[\/et_pb_text][et_pb_text quote_border_color=&#8221;#000000&#8243; _builder_version=&#8221;4.27.5&#8243; _module_preset=&#8221;_initial&#8221; text_font=&#8221;Poppins||||||||&#8221; text_font_size=&#8221;17px&#8221; text_line_height=&#8221;1.65em&#8221; link_font=&#8221;||||on||||&#8221; link_text_color=&#8221;#000000&#8243; quote_text_color=&#8221;#000000&#8243; width=&#8221;63%&#8221; text_font_size_tablet=&#8221;&#8221; text_font_size_phone=&#8221;&#8221; text_font_size_last_edited=&#8221;on|desktop&#8221; locked=&#8221;off&#8221; global_colors_info=&#8221;{}&#8221;]<\/p>\n<p>Betala f\u00f6r att sticka ut, inte f\u00f6r m\u00e4rket. Customdesigna din egen eller v\u00e4lj en unik golfheadcover inspirerad av sportv\u00e4rlden. Prisv\u00e4rda headcovers just f\u00f6r dig.<\/p>\n<p>[\/et_pb_text][et_pb_button button_url=&#8221;@ET-DC@eyJkeW5hbWljIjp0cnVlLCJjb250ZW50IjoicG9zdF9saW5rX3VybF9wYWdlIiwic2V0dGluZ3MiOnsicG9zdF9pZCI6IjUyIn19@&#8221; url_new_window=&#8221;on&#8221; button_text=&#8221;Custom Headcover&#8221; _builder_version=&#8221;4.27.5&#8243; _dynamic_attributes=&#8221;button_url&#8221; _module_preset=&#8221;default&#8221; button_bg_color=&#8221;#000000&#8243; global_colors_info=&#8221;{}&#8221;][\/et_pb_button][\/et_pb_column][\/et_pb_row][et_pb_row column_structure=&#8221;1_2,1_2&#8243; _builder_version=&#8221;4.24.2&#8243; _module_preset=&#8221;default&#8221; width=&#8221;90%&#8221; max_width=&#8221;2000px&#8221; min_height=&#8221;666.1px&#8221; custom_margin=&#8221;8vw||||false|false&#8221; global_colors_info=&#8221;{}&#8221;][et_pb_column type=&#8221;1_2&#8243; _builder_version=&#8221;4.24.1&#8243; _module_preset=&#8221;default&#8221; global_colors_info=&#8221;{}&#8221;][et_pb_text _builder_version=&#8221;4.27.5&#8243; _module_preset=&#8221;_initial&#8221; text_font=&#8221;Abril Fatface||||||||&#8221; text_font_size=&#8221;23px&#8221; link_font=&#8221;||||on||||&#8221; header_3_font=&#8221;Shippori Mincho||||||||&#8221; header_3_font_size=&#8221;52px&#8221; header_3_line_height=&#8221;1.3em&#8221; text_orientation=&#8221;right&#8221; custom_margin=&#8221;||10px||false|false&#8221; link_option_url_new_window=&#8221;on&#8221; header_3_font_size_tablet=&#8221;28px&#8221; header_3_font_size_phone=&#8221;16px&#8221; header_3_font_size_last_edited=&#8221;on|desktop&#8221; locked=&#8221;off&#8221; global_colors_info=&#8221;{}&#8221;]<\/p>\n<p style=\"text-align: center;\">Om oss<\/p>\n<p>[\/et_pb_text][et_pb_text quote_border_color=&#8221;#000000&#8243; _builder_version=&#8221;4.27.5&#8243; _module_preset=&#8221;_initial&#8221; text_font=&#8221;Arial||||||||&#8221; text_line_height=&#8221;1.65em&#8221; link_font=&#8221;||||on||||&#8221; link_text_color=&#8221;#000000&#8243; quote_text_color=&#8221;#000000&#8243; text_orientation=&#8221;right&#8221; text_font_size_tablet=&#8221;&#8221; text_font_size_phone=&#8221;&#8221; text_font_size_last_edited=&#8221;on|desktop&#8221; locked=&#8221;off&#8221; global_colors_info=&#8221;{}&#8221;]<\/p>\n<p style=\"text-align: center;\">Just Cover It skapades eftersom det fanns f\u00f6r f\u00e5 golfheadcovers f\u00f6r personer som \u00e4lskar sport. Vi ville erbjuda prisv\u00e4rda headcovers med h\u00f6g kvalitet, genomt\u00e4nkt design och tydlig inspiration fr\u00e5n sportv\u00e4rlden.<\/p>\n<p>[\/et_pb_text][et_pb_button button_url=&#8221;@ET-DC@eyJkeW5hbWljIjp0cnVlLCJjb250ZW50IjoicG9zdF9saW5rX3VybF9wYWdlIiwic2V0dGluZ3MiOnsicG9zdF9pZCI6IjUwIn19@&#8221; button_text=&#8221;L\u00e4s Mer&#8221; button_alignment=&#8221;center&#8221; _builder_version=&#8221;4.27.5&#8243; _dynamic_attributes=&#8221;button_url&#8221; _module_preset=&#8221;default&#8221; button_bg_color=&#8221;gcid-heading-color&#8221; global_colors_info=&#8221;{%22gcid-heading-color%22:%91%22button_bg_color%22%93}&#8221;][\/et_pb_button][et_pb_divider _builder_version=&#8221;4.27.5&#8243; _module_preset=&#8221;default&#8221; global_colors_info=&#8221;{}&#8221;][\/et_pb_divider][et_pb_text _builder_version=&#8221;4.27.5&#8243; _module_preset=&#8221;_initial&#8221; text_font=&#8221;Abril Fatface||||||||&#8221; text_font_size=&#8221;23px&#8221; link_font=&#8221;||||on||||&#8221; header_3_font=&#8221;Shippori Mincho||||||||&#8221; header_3_font_size=&#8221;52px&#8221; header_3_line_height=&#8221;1.3em&#8221; text_orientation=&#8221;right&#8221; custom_margin=&#8221;||10px||false|false&#8221; link_option_url_new_window=&#8221;on&#8221; header_3_font_size_tablet=&#8221;28px&#8221; header_3_font_size_phone=&#8221;16px&#8221; header_3_font_size_last_edited=&#8221;on|desktop&#8221; locked=&#8221;off&#8221; global_colors_info=&#8221;{}&#8221;]<\/p>\n<p style=\"text-align: center;\">F\u00f6retag<\/p>\n<p>[\/et_pb_text][et_pb_text quote_border_color=&#8221;#000000&#8243; _builder_version=&#8221;4.27.5&#8243; _module_preset=&#8221;_initial&#8221; text_font=&#8221;Arial||||||||&#8221; text_line_height=&#8221;1.65em&#8221; link_font=&#8221;||||on||||&#8221; link_text_color=&#8221;#000000&#8243; quote_text_color=&#8221;#000000&#8243; text_orientation=&#8221;right&#8221; text_font_size_tablet=&#8221;&#8221; text_font_size_phone=&#8221;&#8221; text_font_size_last_edited=&#8221;on|desktop&#8221; locked=&#8221;off&#8221; global_colors_info=&#8221;{}&#8221;]<\/p>\n<p style=\"text-align: center;\">Vill ert f\u00f6retag synas p\u00e5 golfbanan? Vi skapar unika golfheadcovers med er logotyp eller ert f\u00f6retagsnamn f\u00f6r maximal synlighet.<\/p>\n<p>[\/et_pb_text][et_pb_button button_url=&#8221;@ET-DC@eyJkeW5hbWljIjp0cnVlLCJjb250ZW50IjoicG9zdF9saW5rX3VybF9wYWdlIiwic2V0dGluZ3MiOnsicG9zdF9pZCI6IjE0MTgifX0=@&#8221; url_new_window=&#8221;on&#8221; button_text=&#8221;F\u00f6retag &#038; priser&#8221; button_alignment=&#8221;center&#8221; _builder_version=&#8221;4.27.5&#8243; _dynamic_attributes=&#8221;button_url&#8221; _module_preset=&#8221;default&#8221; button_bg_color=&#8221;#000000&#8243; global_colors_info=&#8221;{}&#8221;][\/et_pb_button][\/et_pb_column][et_pb_column type=&#8221;1_2&#8243; _builder_version=&#8221;4.24.1&#8243; _module_preset=&#8221;default&#8221; global_colors_info=&#8221;{}&#8221;][et_pb_image src=&#8221;https:\/\/justcoverit.se\/wp-content\/uploads\/2025\/10\/IMG_12151.jpg&#8221; title_text=&#8221;IMG_1215%911%93&#8243; _builder_version=&#8221;4.27.5&#8243; _module_preset=&#8221;default&#8221; custom_margin=&#8221;-20vw||||false|false&#8221; custom_margin_tablet=&#8221;0%||||false|false&#8221; custom_margin_phone=&#8221;0%||||false|false&#8221; custom_margin_last_edited=&#8221;on|phone&#8221; global_colors_info=&#8221;{}&#8221;][\/et_pb_image][\/et_pb_column][\/et_pb_row][\/et_pb_section][et_pb_section fb_built=&#8221;1&#8243; admin_label=&#8221;Gallery&#8221; _builder_version=&#8221;4.24.2&#8243; _module_preset=&#8221;default&#8221; custom_padding=&#8221;0px||||false|false&#8221; locked=&#8221;off&#8221; collapsed=&#8221;on&#8221;][et_pb_row column_structure=&#8221;1_3,1_3,1_3&#8243; _builder_version=&#8221;4.24.2&#8243; _module_preset=&#8221;default&#8221; width=&#8221;90%&#8221; max_width=&#8221;2000px&#8221; locked=&#8221;off&#8221; global_colors_info=&#8221;{}&#8221;][et_pb_column type=&#8221;1_3&#8243; _builder_version=&#8221;4.24.1&#8243; _module_preset=&#8221;default&#8221; global_colors_info=&#8221;{}&#8221;][et_pb_image src=&#8221;https:\/\/justcoverit.se\/wp-content\/uploads\/2025\/12\/manchester-is-blue-show-zoomed.png&#8221; title_text=&#8221;manchester is blue show zoomed&#8221; url=&#8221;@ET-DC@eyJkeW5hbWljIjp0cnVlLCJjb250ZW50IjoicG9zdF9saW5rX3VybF9wcm9kdWN0Iiwic2V0dGluZ3MiOnsicG9zdF9pZCI6IjE1MDEifX0=@&#8221; _builder_version=&#8221;4.27.5&#8243; _dynamic_attributes=&#8221;url&#8221; _module_preset=&#8221;default&#8221; global_colors_info=&#8221;{}&#8221;][\/et_pb_image][\/et_pb_column][et_pb_column type=&#8221;1_3&#8243; _builder_version=&#8221;4.24.1&#8243; _module_preset=&#8221;default&#8221; global_colors_info=&#8221;{}&#8221;][et_pb_image src=&#8221;https:\/\/justcoverit.se\/wp-content\/uploads\/2026\/01\/Nytt-projekt-39.png&#8221; title_text=&#8221;Nytt projekt (39)&#8221; align=&#8221;right&#8221; _builder_version=&#8221;4.27.5&#8243; _module_preset=&#8221;default&#8221; width=&#8221;96.9%&#8221; height=&#8221;339px&#8221; custom_padding=&#8221;|72px||||&#8221; locked=&#8221;off&#8221; global_colors_info=&#8221;{}&#8221;][\/et_pb_image][\/et_pb_column][et_pb_column type=&#8221;1_3&#8243; _builder_version=&#8221;4.24.1&#8243; _module_preset=&#8221;default&#8221; global_colors_info=&#8221;{}&#8221;][et_pb_image src=&#8221;https:\/\/justcoverit.se\/wp-content\/uploads\/2025\/12\/visca-barca-nya.png&#8221; title_text=&#8221;visca barca nya&#8221; url=&#8221;@ET-DC@eyJkeW5hbWljIjp0cnVlLCJjb250ZW50IjoicG9zdF9saW5rX3VybF9wcm9kdWN0Iiwic2V0dGluZ3MiOnsicG9zdF9pZCI6IjE0OTgifX0=@&#8221; _builder_version=&#8221;4.27.5&#8243; _dynamic_attributes=&#8221;url&#8221; _module_preset=&#8221;default&#8221; locked=&#8221;off&#8221; global_colors_info=&#8221;{}&#8221;][\/et_pb_image][\/et_pb_column][\/et_pb_row][\/et_pb_section]<\/p>\n","protected":false},"excerpt":{"rendered":"<p>F\u00f6r unika golfareVi \u00e4r ett UF-f\u00f6retag som designar unika golfheadcovers och l\u00e5ter dig skapa en personlig design. Perfekt f\u00f6r dig som vill sticka ut p\u00e5 banan!B\u00e4sts\u00e4ljareDen mest relaterbara headcovern som finns p\u00e5 marknaden! Fynda nu!Varf\u00f6r v\u00e5ra headcovers?Betala f\u00f6r att sticka ut, inte f\u00f6r m\u00e4rket. Customdesigna din egen eller v\u00e4lj en unik golfheadcover inspirerad av sportv\u00e4rlden. [&hellip;]<\/p>\n","protected":false},"author":3,"featured_media":0,"parent":0,"menu_order":0,"comment_status":"closed","ping_status":"closed","template":"","meta":{"_et_pb_use_builder":"on","_et_pb_old_content":"","_et_gb_content_width":"","footnotes":""},"folder":[],"class_list":["post-1584","page","type-page","status-publish","hentry"],"jetpack_sharing_enabled":true,"_links":{"self":[{"href":"https:\/\/justcoverit.se\/index.php?rest_route=\/wp\/v2\/pages\/1584","targetHints":{"allow":["GET"]}}],"collection":[{"href":"https:\/\/justcoverit.se\/index.php?rest_route=\/wp\/v2\/pages"}],"about":[{"href":"https:\/\/justcoverit.se\/index.php?rest_route=\/wp\/v2\/types\/page"}],"author":[{"embeddable":true,"href":"https:\/\/justcoverit.se\/index.php?rest_route=\/wp\/v2\/users\/3"}],"replies":[{"embeddable":true,"href":"https:\/\/justcoverit.se\/index.php?rest_route=%2Fwp%2Fv2%2Fcomments&post=1584"}],"version-history":[{"count":14,"href":"https:\/\/justcoverit.se\/index.php?rest_route=\/wp\/v2\/pages\/1584\/revisions"}],"predecessor-version":[{"id":1693,"href":"https:\/\/justcoverit.se\/index.php?rest_route=\/wp\/v2\/pages\/1584\/revisions\/1693"}],"wp:attachment":[{"href":"https:\/\/justcoverit.se\/index.php?rest_route=%2Fwp%2Fv2%2Fmedia&parent=1584"}],"wp:term":[{"taxonomy":"folder","embeddable":true,"href":"https:\/\/justcoverit.se\/index.php?rest_route=%2Fwp%2Fv2%2Ffolder&post=1584"}],"curies":[{"name":"wp","href":"https:\/\/api.w.org\/{rel}","templated":true}]}}