{"id":49,"date":"2025-03-11T18:26:27","date_gmt":"2025-03-11T18:26:27","guid":{"rendered":"https:\/\/justcoverit.se\/?page_id=49"},"modified":"2025-11-21T12:18:56","modified_gmt":"2025-11-21T12:18:56","slug":"terms-and-conditions","status":"publish","type":"page","link":"https:\/\/justcoverit.se\/?page_id=49","title":{"rendered":"Villkor"},"content":{"rendered":"<p>[et_pb_section fb_built=&#8221;1&#8243; _builder_version=&#8221;4.16&#8243; global_colors_info=&#8221;{}&#8221;][et_pb_row _builder_version=&#8221;4.27.4&#8243; background_size=&#8221;initial&#8221; background_position=&#8221;top_left&#8221; background_repeat=&#8221;repeat&#8221; global_colors_info=&#8221;{}&#8221;][et_pb_column type=&#8221;4_4&#8243; _builder_version=&#8221;4.27.4&#8243; custom_padding=&#8221;|||&#8221; global_colors_info=&#8221;{}&#8221; custom_padding__hover=&#8221;|||&#8221;][et_pb_text _builder_version=&#8221;4.27.4&#8243; text_font=&#8221;Poppins||||||||&#8221; header_font=&#8221;Abril Fatface||||||||&#8221; header_2_font=&#8221;Abril Fatface||||||||&#8221; header_3_font=&#8221;Abril Fatface||||||||&#8221; background_size=&#8221;initial&#8221; background_position=&#8221;top_left&#8221; background_repeat=&#8221;repeat&#8221; hover_enabled=&#8221;0&#8243; global_colors_info=&#8221;{}&#8221; sticky_enabled=&#8221;0&#8243;]<\/p>\n<h2 data-start=\"687\" data-end=\"713\">F\u00f6rs\u00e4ljningsvillkor<\/h2>\n<p>&nbsp;<\/p>\n<h3 data-start=\"687\" data-end=\"713\">Priser och betalning<\/h3>\n<p data-start=\"714\" data-end=\"839\">Alla priser anges i svenska kronor (SEK) inklusive moms.<br data-start=\"770\" data-end=\"773\" \/>Eventuella fraktkostnader visas i kassan innan du slutf\u00f6r k\u00f6pet.<\/p>\n<p data-start=\"841\" data-end=\"969\">Vi erbjuder betalning via <span>Kredit\/betalkort, Klarna Apple Pay, Google Pay<\/span>.<br data-start=\"921\" data-end=\"924\" \/>Betalningen dras n\u00e4r best\u00e4llningen bekr\u00e4ftas, kan variera om du har valt Klarna.<\/p>\n<hr data-start=\"971\" data-end=\"974\" \/>\n<h3 data-start=\"976\" data-end=\"990\">Leverans<\/h3>\n<p data-start=\"991\" data-end=\"1122\">Vi skickar normalt din best\u00e4llning inom 3-5 arbetsdagar.<br data-start=\"1057\" data-end=\"1060\" \/>Leverans sker med Postnord.<\/p>\n<p data-start=\"1124\" data-end=\"1214\">Om en produkt \u00e4r sluts\u00e5ld eller f\u00f6rsenad kontaktar vi dig s\u00e5 snart som m\u00f6jligt via e-post.<\/p>\n<hr data-start=\"1216\" data-end=\"1219\" \/>\n<h3 data-start=\"1221\" data-end=\"1246\">\u00c5ngerr\u00e4tt och retur<\/h3>\n<p data-start=\"1247\" data-end=\"1418\">Du har enligt distansavtalslagen 14 dagars \u00e5ngerr\u00e4tt fr\u00e5n det att du mottagit varan.<br data-start=\"1331\" data-end=\"1334\" \/>F\u00f6r att utnyttja \u00e5ngerr\u00e4tten, kontakta oss p\u00e5 Justcoverituf@gmail.com och ange ordernummer.<\/p>\n<p data-start=\"1420\" data-end=\"1525\">Produkten ska vara oanv\u00e4nd och i originalf\u00f6rpackning.<br data-start=\"1473\" data-end=\"1476\" \/>Du som kund st\u00e5r f\u00f6r returfrakten vid \u00e5ngrat k\u00f6p.<\/p>\n<hr data-start=\"1527\" data-end=\"1530\" \/>\n<h3 data-start=\"1532\" data-end=\"1561\">Reklamation och garanti<\/h3>\n<p data-start=\"1562\" data-end=\"1743\">Om en vara \u00e4r defekt eller skadad har du r\u00e4tt att reklamera den inom 3 \u00e5r enligt konsumentk\u00f6plagen.<br data-start=\"1661\" data-end=\"1664\" \/>Kontakta oss via Justcoverituf@gmail.com s\u00e5 hj\u00e4lper vi dig med retur eller ers\u00e4ttning.<\/p>\n<p data-start=\"1745\" data-end=\"1792\">Vid godk\u00e4nd reklamation st\u00e5r vi f\u00f6r returfrakt.<\/p>\n<hr data-start=\"1794\" data-end=\"1797\" \/>\n<h3 data-start=\"1799\" data-end=\"1835\">Personuppgifter och integritet<\/h3>\n<p data-start=\"1836\" data-end=\"1975\">Vi hanterar personuppgifter i enlighet med GDPR.<br data-start=\"1884\" data-end=\"1887\" \/>L\u00e4s mer i v\u00e5r <a data-start=\"1901\" data-end=\"1923\" class=\"decorated-link\" rel=\"noopener\" href=\"#\">Integritetspolicy<span aria-hidden=\"true\" class=\"ms-0.5 inline-block align-middle leading-none\"><svg width=\"20\" height=\"20\" viewbox=\"0 0 20 20\" fill=\"currentColor\" xmlns=\"http:\/\/www.w3.org\/2000\/svg\" data-rtl-flip=\"\" class=\"block h-[0.75em] w-[0.75em] stroke-current stroke-[0.75]\"><path d=\"M14.3349 13.3301V6.60645L5.47065 15.4707C5.21095 15.7304 4.78895 15.7304 4.52925 15.4707C4.26955 15.211 4.26955 14.789 4.52925 14.5293L13.3935 5.66504H6.66011C6.29284 5.66504 5.99507 5.36727 5.99507 5C5.99507 4.63273 6.29284 4.33496 6.66011 4.33496H14.9999L15.1337 4.34863C15.4369 4.41057 15.665 4.67857 15.665 5V13.3301C15.6649 13.6973 15.3672 13.9951 14.9999 13.9951C14.6327 13.9951 14.335 13.6973 14.3349 13.3301Z\"><\/path><\/svg><\/span><\/a> f\u00f6r information om hur vi behandlar dina uppgifter.<\/p>\n<hr data-start=\"1977\" data-end=\"1980\" \/>\n<h3 data-start=\"1982\" data-end=\"2010\">Ansvar och begr\u00e4nsning<\/h3>\n<p data-start=\"2011\" data-end=\"2201\">Vi ansvarar inte f\u00f6r f\u00f6rseningar eller skador som beror p\u00e5 omst\u00e4ndigheter utanf\u00f6r v\u00e5r kontroll (force majeure).<br data-start=\"2122\" data-end=\"2125\" \/>Vi reserverar oss f\u00f6r eventuella tryckfel eller tekniska fel p\u00e5 webbplatsen.<\/p>\n<hr data-start=\"2203\" data-end=\"2206\" \/>\n<h3 data-start=\"2208\" data-end=\"2240\">Tvister och till\u00e4mplig lag<\/h3>\n<p data-start=\"2241\" data-end=\"2384\">Vid eventuell tvist f\u00f6ljer vi beslut fr\u00e5n <strong data-start=\"2283\" data-end=\"2321\">Allm\u00e4nna reklamationsn\u00e4mnden (ARN)<\/strong>.<br data-start=\"2322\" data-end=\"2325\" \/>Svensk lag till\u00e4mpas p\u00e5 alla k\u00f6p som g\u00f6rs via v\u00e5r webbshop.<\/p>\n<p>[\/et_pb_text][\/et_pb_column][\/et_pb_row][\/et_pb_section]<\/p>\n","protected":false},"excerpt":{"rendered":"<p>F\u00f6rs\u00e4ljningsvillkor &nbsp; Priser och betalning Alla priser anges i svenska kronor (SEK) inklusive moms.Eventuella fraktkostnader visas i kassan innan du slutf\u00f6r k\u00f6pet. Vi erbjuder betalning via Kredit\/betalkort, Klarna Apple Pay, Google Pay.Betalningen dras n\u00e4r best\u00e4llningen bekr\u00e4ftas, kan variera om du har valt Klarna. Leverans Vi skickar normalt din best\u00e4llning inom 3-5 arbetsdagar.Leverans sker med Postnord. [&hellip;]<\/p>\n","protected":false},"author":3,"featured_media":0,"parent":0,"menu_order":0,"comment_status":"closed","ping_status":"closed","template":"","meta":{"_et_pb_use_builder":"on","_et_pb_old_content":"<p class=\"a1v f6 zt\">H\u00e4r nedan ser du v\u00e5ra vilkor f\u00f6r Just Cover It.<\/p>","_et_gb_content_width":"","footnotes":""},"folder":[],"class_list":["post-49","page","type-page","status-publish","hentry"],"jetpack_sharing_enabled":true,"_links":{"self":[{"href":"https:\/\/justcoverit.se\/index.php?rest_route=\/wp\/v2\/pages\/49","targetHints":{"allow":["GET"]}}],"collection":[{"href":"https:\/\/justcoverit.se\/index.php?rest_route=\/wp\/v2\/pages"}],"about":[{"href":"https:\/\/justcoverit.se\/index.php?rest_route=\/wp\/v2\/types\/page"}],"author":[{"embeddable":true,"href":"https:\/\/justcoverit.se\/index.php?rest_route=\/wp\/v2\/users\/3"}],"replies":[{"embeddable":true,"href":"https:\/\/justcoverit.se\/index.php?rest_route=%2Fwp%2Fv2%2Fcomments&post=49"}],"version-history":[{"count":8,"href":"https:\/\/justcoverit.se\/index.php?rest_route=\/wp\/v2\/pages\/49\/revisions"}],"predecessor-version":[{"id":1465,"href":"https:\/\/justcoverit.se\/index.php?rest_route=\/wp\/v2\/pages\/49\/revisions\/1465"}],"wp:attachment":[{"href":"https:\/\/justcoverit.se\/index.php?rest_route=%2Fwp%2Fv2%2Fmedia&parent=49"}],"wp:term":[{"taxonomy":"folder","embeddable":true,"href":"https:\/\/justcoverit.se\/index.php?rest_route=%2Fwp%2Fv2%2Ffolder&post=49"}],"curies":[{"name":"wp","href":"https:\/\/api.w.org\/{rel}","templated":true}]}}