{"id":50,"date":"2025-03-11T18:26:59","date_gmt":"2025-03-11T18:26:59","guid":{"rendered":"https:\/\/justcoverit.se\/?page_id=50"},"modified":"2026-01-15T17:00:51","modified_gmt":"2026-01-15T17:00:51","slug":"om-oss","status":"publish","type":"page","link":"https:\/\/justcoverit.se\/?page_id=50","title":{"rendered":"Om oss"},"content":{"rendered":"<p>[et_pb_section fb_built=&#8221;1&#8243; admin_label=&#8221;Header&#8221; _builder_version=&#8221;4.27.4&#8243; _module_preset=&#8221;b0ff6b44-90a3-4d6e-aed6-8ae3a795f4df&#8221; background_color=&#8221;#FFFFFF&#8221; locked=&#8221;off&#8221; collapsed=&#8221;on&#8221; global_colors_info=&#8221;{}&#8221;][et_pb_row column_structure=&#8221;1_3,2_3&#8243; make_equal=&#8221;on&#8221; _builder_version=&#8221;4.27.4&#8243; _module_preset=&#8221;default&#8221; background_enable_image=&#8221;off&#8221; background_size=&#8221;custom&#8221; background_image_width=&#8221;39%&#8221; background_image_height=&#8221;0%&#8221; background_position=&#8221;center_left&#8221; background_horizontal_offset=&#8221;32%&#8221; custom_padding=&#8221;0px||0px||true|false&#8221; border_color_all=&#8221;#000000&#8243; border_width_top=&#8221;1px&#8221; border_width_bottom=&#8221;1px&#8221; global_colors_info=&#8221;{}&#8221;][et_pb_column type=&#8221;1_3&#8243; _builder_version=&#8221;4.22.0&#8243; _module_preset=&#8221;default&#8221; custom_padding=&#8221;30px|30px|30px||true|false&#8221; custom_padding_tablet=&#8221;|0px|||true|false&#8221; custom_padding_phone=&#8221;20px||20px||true|false&#8221; custom_padding_last_edited=&#8221;on|tablet&#8221; border_color_all=&#8221;#000000&#8243; border_width_right=&#8221;1px&#8221; border_width_right_tablet=&#8221;0px&#8221; border_width_right_phone=&#8221;0px&#8221; border_width_right_last_edited=&#8221;on|tablet&#8221; global_colors_info=&#8221;{}&#8221;][et_pb_heading title=&#8221;om oss&#8221; _builder_version=&#8221;4.27.4&#8243; _module_preset=&#8221;3059f0cd-dd98-46bd-9993-c9073a6813d5&#8243; title_font=&#8221;Abril Fatface||||||||&#8221; title_text_color=&#8221;#dbcba8&#8243; title_font_size=&#8221;72px&#8221; locked=&#8221;off&#8221; global_colors_info=&#8221;{}&#8221;][\/et_pb_heading][\/et_pb_column][et_pb_column type=&#8221;2_3&#8243; _builder_version=&#8221;4.22.0&#8243; _module_preset=&#8221;default&#8221; custom_padding=&#8221;30px||30px|30px|true|false&#8221; custom_padding_tablet=&#8221;|||0px|true|false&#8221; custom_padding_phone=&#8221;20px||20px||true|false&#8221; custom_padding_last_edited=&#8221;on|tablet&#8221; global_colors_info=&#8221;{}&#8221;][et_pb_text _builder_version=&#8221;4.27.4&#8243; _module_preset=&#8221;791cfa8c-2be5-4c32-ac87-50280fcbc4ed&#8221; text_font=&#8221;Poppins||||||||&#8221; global_colors_info=&#8221;{}&#8221;]<\/p>\n<p><strong data-start=\"387\" data-end=\"420\">V\u00e4lkommen till Just Cover It!<\/strong><br data-start=\"420\" data-end=\"423\" \/>Vi s\u00e4ljer unika golf-headcovers inspirerade av sportv\u00e4rlden med citat och logotyper som l\u00e5ter dig visa vilket lag eller citat du st\u00e5r f\u00f6r, direkt p\u00e5 golfbanan. Vi g\u00f6r \u00e4ven headcovers f\u00f6r <a href=\"https:\/\/justcoverit.se\/?page_id=1418&amp;et_fb=1&amp;PageSpeed=off\"><span style=\"text-decoration: underline;\">f\u00f6reta<\/span>g <\/a>som vill ha deras logotyp p\u00e5 banan.<\/p>\n<p>V\u00e5rt m\u00e5l \u00e4r att kombinera golf med passionen f\u00f6r annan sport, s\u00e5 att du kan ta med din lagk\u00e4nsla ut p\u00e5 banan.<\/p>\n<p>Just Cover It drivs av tre v\u00e4nner med ett gemensamt m\u00e5l \u2013 att kombinera golfen med all annan sport.<\/p>\n<p>[\/et_pb_text][\/et_pb_column][\/et_pb_row][et_pb_row column_structure=&#8221;1_3,1_3,1_3&#8243; use_custom_gutter=&#8221;on&#8221; gutter_width=&#8221;2&#8243; make_equal=&#8221;on&#8221; _builder_version=&#8221;4.27.5&#8243; _module_preset=&#8221;default&#8221; background_enable_image=&#8221;off&#8221; global_colors_info=&#8221;{}&#8221;][et_pb_column type=&#8221;1_3&#8243; _builder_version=&#8221;4.27.5&#8243; _module_preset=&#8221;12f6f8bb-e0b8-4893-91e0-7ce1cb9bcdf2&#8243; background_image=&#8221;https:\/\/justcoverit.se\/wp-content\/uploads\/2026\/01\/golfbag_476x353.png&#8221; background_position=&#8221;top_center&#8221; background_vertical_offset=&#8221;40%&#8221; custom_padding=&#8221;12vw|20px|20px|20px|false|true&#8221; global_colors_info=&#8221;{}&#8221;][et_pb_button button_url=&#8221;@ET-DC@eyJkeW5hbWljIjp0cnVlLCJjb250ZW50IjoicG9zdF9saW5rX3VybF9wYWdlIiwic2V0dGluZ3MiOnsicG9zdF9pZCI6IjUzNyJ9fQ==@&#8221; button_text=&#8221;Kolla in v\u00e5r nya butik&#8221; _builder_version=&#8221;4.27.4&#8243; _dynamic_attributes=&#8221;button_url&#8221; _module_preset=&#8221;b65af6d2-797f-49a3-b5a2-bcbf38342952&#8243; button_text_color=&#8221;#FFFFFF&#8221; button_bg_color=&#8221;gcid-28366106-ecf8-496b-97f0-6a9be6882356&#8243; button_border_color=&#8221;#FFFFFF&#8221; button_border_radius=&#8221;100px&#8221; button_icon=&#8221;&#xf105;||fa||900&#8243; button_icon_color=&#8221;#000000&#8243; background_layout=&#8221;dark&#8221; filter_hue_rotate=&#8221;3deg&#8221; global_colors_info=&#8221;{%22gcid-28366106-ecf8-496b-97f0-6a9be6882356%22:%91%22button_bg_color%22%93}&#8221; filter_hue_rotate__hover_enabled=&#8221;on|hover&#8221; filter_hue_rotate__hover=&#8221;3deg&#8221;][\/et_pb_button][\/et_pb_column][et_pb_column type=&#8221;1_3&#8243; _builder_version=&#8221;4.27.5&#8243; _module_preset=&#8221;default&#8221; background_image=&#8221;https:\/\/justcoverit.se\/wp-content\/uploads\/2026\/01\/Nytt-projekt-40.png&#8221; border_radii=&#8221;on|20px|20px|20px|20px&#8221; global_colors_info=&#8221;{}&#8221;][et_pb_divider show_divider=&#8221;off&#8221; _builder_version=&#8221;4.27.4&#8243; _module_preset=&#8221;default&#8221; height_tablet=&#8221;40vw&#8221; height_phone=&#8221;40vw&#8221; height_last_edited=&#8221;on|desktop&#8221; locked=&#8221;off&#8221; global_colors_info=&#8221;{}&#8221;][\/et_pb_divider][\/et_pb_column][et_pb_column type=&#8221;1_3&#8243; _builder_version=&#8221;4.27.4&#8243; _module_preset=&#8221;default&#8221; background_enable_image=&#8221;off&#8221; background_size=&#8221;custom&#8221; background_image_width=&#8221;62%&#8221; background_position=&#8221;top_left&#8221; background_video_mp4=&#8221;https:\/\/justcoverit.se\/wp-content\/uploads\/2025\/10\/TFWV93181.mov&#8221; border_radii=&#8221;on|20px|20px|20px|20px&#8221; global_colors_info=&#8221;{}&#8221;][et_pb_divider show_divider=&#8221;off&#8221; _builder_version=&#8221;4.22.0&#8243; _module_preset=&#8221;default&#8221; height_tablet=&#8221;40vw&#8221; height_phone=&#8221;40vw&#8221; height_last_edited=&#8221;on|desktop&#8221; locked=&#8221;off&#8221; global_colors_info=&#8221;{}&#8221;][\/et_pb_divider][et_pb_button button_url=&#8221;@ET-DC@eyJkeW5hbWljIjp0cnVlLCJjb250ZW50IjoicG9zdF9saW5rX3VybF9wYWdlIiwic2V0dGluZ3MiOnsicG9zdF9pZCI6IjE0MTgifX0=@&#8221; button_text=&#8221;F\u00d6RETAG&#8221; button_alignment=&#8221;center&#8221; _builder_version=&#8221;4.27.4&#8243; _dynamic_attributes=&#8221;button_url&#8221; _module_preset=&#8221;b65af6d2-797f-49a3-b5a2-bcbf38342952&#8243; button_text_color=&#8221;#FFFFFF&#8221; button_bg_color=&#8221;gcid-28366106-ecf8-496b-97f0-6a9be6882356&#8243; button_border_color=&#8221;#FFFFFF&#8221; button_border_radius=&#8221;100px&#8221; button_icon=&#8221;&#xf105;||fa||900&#8243; button_icon_color=&#8221;#000000&#8243; positioning=&#8221;relative&#8221; vertical_offset=&#8221;129px&#8221; background_layout=&#8221;dark&#8221; filter_hue_rotate=&#8221;3deg&#8221; global_colors_info=&#8221;{%22gcid-28366106-ecf8-496b-97f0-6a9be6882356%22:%91%22button_bg_color%22%93}&#8221; filter_hue_rotate__hover_enabled=&#8221;on|hover&#8221; filter_hue_rotate__hover=&#8221;3deg&#8221;][\/et_pb_button][\/et_pb_column][\/et_pb_row][\/et_pb_section][et_pb_section fb_built=&#8221;1&#8243; admin_label=&#8221;About&#8221; _builder_version=&#8221;4.25.1&#8243; _module_preset=&#8221;07c1ad7a-a4db-4573-aa9f-7d940d6052a6&#8243; locked=&#8221;off&#8221; collapsed=&#8221;on&#8221; global_colors_info=&#8221;{}&#8221;][et_pb_row column_structure=&#8221;1_2,1_2&#8243; make_equal=&#8221;on&#8221; _builder_version=&#8221;4.22.0&#8243; _module_preset=&#8221;default&#8221; global_colors_info=&#8221;{}&#8221;][et_pb_column type=&#8221;1_2&#8243; _builder_version=&#8221;4.22.0&#8243; _module_preset=&#8221;default&#8221; global_colors_info=&#8221;{}&#8221;][et_pb_image src=&#8221;https:\/\/justcoverit.se\/wp-content\/uploads\/2026\/01\/Nytt-projekt-41.png&#8221; title_text=&#8221;Nytt projekt (41)&#8221; _builder_version=&#8221;4.27.5&#8243; _module_preset=&#8221;default&#8221; background_enable_image=&#8221;off&#8221; width=&#8221;100%&#8221; max_width=&#8221;100%&#8221; min_height=&#8221;270px&#8221; height=&#8221;195px&#8221; max_height=&#8221;1000px&#8221; hover_enabled=&#8221;0&#8243; global_colors_info=&#8221;{}&#8221; sticky_enabled=&#8221;0&#8243;][\/et_pb_image][\/et_pb_column][et_pb_column type=&#8221;1_2&#8243; _builder_version=&#8221;4.22.0&#8243; _module_preset=&#8221;default&#8221; global_colors_info=&#8221;{}&#8221;][et_pb_heading title=&#8221;resan&#8221; _builder_version=&#8221;4.27.4&#8243; _module_preset=&#8221;1f09b7dd-5b5d-47db-89f5-bbfc9c6375c3&#8243; title_font=&#8221;Abril Fatface||||||||&#8221; title_text_color=&#8221;#FFFFFF&#8221; global_colors_info=&#8221;{}&#8221;][\/et_pb_heading][et_pb_text _builder_version=&#8221;4.27.4&#8243; _module_preset=&#8221;de29743a-b3bd-4312-8d11-1316c7001969&#8243; text_font=&#8221;Poppins||||||||&#8221; global_colors_info=&#8221;{}&#8221;]<\/p>\n<p><strong>Allt b\u00f6rjade med en ide som vi fick g\u00e5 golfbanan. Vi ville kombindera golf med sportv\u00e4rlden. \u00c5r 2025 skapade vi v\u00e5rt UF f\u00f6retag Just Cover It i Laholm. Vi har sedan dess f\u00e5tt in produkter och h\u00e5ller p\u00e5 att skapa ett namn i marknaden.<\/strong><\/p>\n<p>&nbsp;<\/p>\n<p>[\/et_pb_text][\/et_pb_column][\/et_pb_row][\/et_pb_section]<\/p>\n","protected":false},"excerpt":{"rendered":"<p>V\u00e4lkommen till Just Cover It!Vi s\u00e4ljer unika golf-headcovers inspirerade av sportv\u00e4rlden med citat och logotyper som l\u00e5ter dig visa vilket lag eller citat du st\u00e5r f\u00f6r, direkt p\u00e5 golfbanan. Vi g\u00f6r \u00e4ven headcovers f\u00f6r f\u00f6retag som vill ha deras logotyp p\u00e5 banan. V\u00e5rt m\u00e5l \u00e4r att kombinera golf med passionen f\u00f6r annan sport, s\u00e5 att [&hellip;]<\/p>\n","protected":false},"author":1,"featured_media":0,"parent":0,"menu_order":0,"comment_status":"closed","ping_status":"closed","template":"","meta":{"_et_pb_use_builder":"on","_et_pb_old_content":"","_et_gb_content_width":"","footnotes":""},"folder":[],"class_list":["post-50","page","type-page","status-publish","hentry"],"jetpack_sharing_enabled":true,"_links":{"self":[{"href":"https:\/\/justcoverit.se\/index.php?rest_route=\/wp\/v2\/pages\/50","targetHints":{"allow":["GET"]}}],"collection":[{"href":"https:\/\/justcoverit.se\/index.php?rest_route=\/wp\/v2\/pages"}],"about":[{"href":"https:\/\/justcoverit.se\/index.php?rest_route=\/wp\/v2\/types\/page"}],"author":[{"embeddable":true,"href":"https:\/\/justcoverit.se\/index.php?rest_route=\/wp\/v2\/users\/1"}],"replies":[{"embeddable":true,"href":"https:\/\/justcoverit.se\/index.php?rest_route=%2Fwp%2Fv2%2Fcomments&post=50"}],"version-history":[{"count":58,"href":"https:\/\/justcoverit.se\/index.php?rest_route=\/wp\/v2\/pages\/50\/revisions"}],"predecessor-version":[{"id":1660,"href":"https:\/\/justcoverit.se\/index.php?rest_route=\/wp\/v2\/pages\/50\/revisions\/1660"}],"wp:attachment":[{"href":"https:\/\/justcoverit.se\/index.php?rest_route=%2Fwp%2Fv2%2Fmedia&parent=50"}],"wp:term":[{"taxonomy":"folder","embeddable":true,"href":"https:\/\/justcoverit.se\/index.php?rest_route=%2Fwp%2Fv2%2Ffolder&post=50"}],"curies":[{"name":"wp","href":"https:\/\/api.w.org\/{rel}","templated":true}]}}