{"id":1172,"date":"2025-10-14T09:06:31","date_gmt":"2025-10-14T09:06:31","guid":{"rendered":"https:\/\/justcoverit.se\/?post_type=product&#038;p=1172"},"modified":"2026-03-29T16:36:36","modified_gmt":"2026-03-29T16:36:36","slug":"mallet-putter","status":"publish","type":"product","link":"https:\/\/justcoverit.se\/?product=mallet-putter","title":{"rendered":"You\u2019ll Never Walk Alone Mallet Putter Headcover"},"content":{"rendered":"<p>[et_pb_section fb_built=&#8221;1&#8243; _builder_version=&#8221;4.16&#8243; custom_padding=&#8221;0px||||false|false&#8221;][et_pb_row _builder_version=&#8221;4.16&#8243; background_size=&#8221;initial&#8221; background_position=&#8221;top_left&#8221; background_repeat=&#8221;repeat&#8221; width=&#8221;100%&#8221; custom_padding=&#8221;0px||0px||false|false&#8221; global_colors_info=&#8221;{}&#8221;][et_pb_column type=&#8221;4_4&#8243; _builder_version=&#8221;4.16&#8243; custom_padding=&#8221;|||&#8221; global_colors_info=&#8221;{}&#8221; custom_padding__hover=&#8221;|||&#8221;][et_pb_wc_breadcrumb _builder_version=&#8221;4.16&#8243; global_colors_info=&#8221;{}&#8221;][\/et_pb_wc_breadcrumb][et_pb_wc_cart_notice _builder_version=&#8221;4.16&#8243; global_colors_info=&#8221;{}&#8221;][\/et_pb_wc_cart_notice][\/et_pb_column][\/et_pb_row][et_pb_row column_structure=&#8221;1_2,1_2&#8243; _builder_version=&#8221;4.16&#8243; background_size=&#8221;initial&#8221; background_position=&#8221;top_left&#8221; background_repeat=&#8221;repeat&#8221; width=&#8221;100%&#8221; custom_padding=&#8221;0px||||false|false&#8221; global_colors_info=&#8221;{}&#8221;][et_pb_column type=&#8221;1_2&#8243; _builder_version=&#8221;4.16&#8243; custom_padding=&#8221;|||&#8221; global_colors_info=&#8221;{}&#8221; custom_padding__hover=&#8221;|||&#8221;][et_pb_wc_images _builder_version=&#8221;4.16&#8243; global_colors_info=&#8221;{}&#8221;][\/et_pb_wc_images][\/et_pb_column][et_pb_column type=&#8221;1_2&#8243; _builder_version=&#8221;4.16&#8243; custom_padding=&#8221;|||&#8221; global_colors_info=&#8221;{}&#8221; custom_padding__hover=&#8221;|||&#8221;][et_pb_wc_title _builder_version=&#8221;4.16&#8243; global_colors_info=&#8221;{}&#8221;][\/et_pb_wc_title][et_pb_wc_rating _builder_version=&#8221;4.16&#8243; global_colors_info=&#8221;{}&#8221;][\/et_pb_wc_rating][et_pb_wc_price _builder_version=&#8221;4.16&#8243; global_colors_info=&#8221;{}&#8221;][\/et_pb_wc_price][et_pb_wc_description _builder_version=&#8221;4.16&#8243; global_colors_info=&#8221;{}&#8221;][\/et_pb_wc_description][et_pb_wc_add_to_cart _builder_version=&#8221;4.16&#8243; global_colors_info=&#8221;{}&#8221;][\/et_pb_wc_add_to_cart][et_pb_wc_meta _builder_version=&#8221;4.16&#8243; global_colors_info=&#8221;{}&#8221;][\/et_pb_wc_meta][\/et_pb_column][\/et_pb_row][et_pb_row _builder_version=&#8221;4.16&#8243; background_size=&#8221;initial&#8221; background_position=&#8221;top_left&#8221; background_repeat=&#8221;repeat&#8221; width=&#8221;100%&#8221; global_colors_info=&#8221;{}&#8221;][et_pb_column type=&#8221;4_4&#8243; _builder_version=&#8221;4.16&#8243; custom_padding=&#8221;|||&#8221; global_colors_info=&#8221;{}&#8221; custom_padding__hover=&#8221;|||&#8221;][et_pb_wc_tabs _builder_version=&#8221;4.16&#8243; global_colors_info=&#8221;{}&#8221;]\t\t\t\t\t[\/et_pb_wc_tabs][et_pb_wc_upsells _builder_version=&#8221;4.16&#8243; global_colors_info=&#8221;{}&#8221;][\/et_pb_wc_upsells][et_pb_wc_related_products _builder_version=&#8221;4.16&#8243; global_colors_info=&#8221;{}&#8221;][\/et_pb_wc_related_products][\/et_pb_column][\/et_pb_row][\/et_pb_section]<\/p>\n","protected":false},"excerpt":{"rendered":"<p>Med <strong data-start=\"72\" data-end=\"161\">\u201cYou\u2019ll Never Walk Alone\u201d<\/strong> mallet putter-headcover g\u00e5r du aldrig ensam p\u00e5 greenen.<br data-start=\"161\" data-end=\"164\" \/>En stilren headcover som skyddar din putter och ger din golfbag ett starkt uttryck \u2013 perfekt f\u00f6r dig som vill sticka ut p\u00e5 banan.<\/p>\n","protected":false},"featured_media":1320,"comment_status":"open","ping_status":"closed","template":"","meta":{"_et_pb_use_builder":"on","_et_pb_old_content":"<p data-start=\"293\" data-end=\"540\">Med denna mallet putter-headcover handlar allt om gemenskap, styrka och att aldrig st\u00e5 ensam. Budskapet <strong data-start=\"401\" data-end=\"430\">\u201cYou\u2019ll Never Walk Alone\u201d<\/strong> symboliserar lojalitet, passion och mental styrka \u2013 v\u00e4rderingar som f\u00f6ljer dig genom varje rond p\u00e5 golfbanan.<\/p>\r\n<p data-start=\"542\" data-end=\"873\">Headcovern \u00e4r inspirerad av fotbollens v\u00e4rld, d\u00e4r sammanh\u00e5llning och support betyder allt, och kombinerar denna attityd med en stilren och modern golfdesign. Resultatet \u00e4r en putter-headcover som inte bara skyddar din klubba, utan \u00e4ven ger din golfbag ett unikt och sj\u00e4lvs\u00e4kert uttryck som g\u00f6r att du sticker ut p\u00e5 greenen.<\/p>\r\n<p data-start=\"875\" data-end=\"1092\">Tillverkad i slitstarkt PU-l\u00e4der som ger effektivt skydd mot repor, smuts och slitage. Den \u00e4r speciellt designad f\u00f6r mallet putters, sitter s\u00e4kert p\u00e5 plats och \u00e4r lika p\u00e5litlig under t\u00e4vling som under tr\u00e4ning.<\/p>\r\n<p data-start=\"1094\" data-end=\"1281\">Oavsett om du \u00e4r en passionerad golfare eller bara vill s\u00e4tta personlig pr\u00e4gel p\u00e5 din utrustning \u00e4r denna mallet putter-headcover ett tydligt statement \u2013 p\u00e5 banan g\u00e5r du aldrig ensam.<\/p>","_et_gb_content_width":""},"product_brand":[70],"product_cat":[43],"product_tag":[],"class_list":{"0":"post-1172","1":"product","2":"type-product","3":"status-publish","4":"has-post-thumbnail","6":"product_brand-just-cover-it-headcover","7":"product_cat-putter","9":"first","10":"instock","11":"purchasable","12":"product-type-simple"},"jetpack_sharing_enabled":true,"_links":{"self":[{"href":"https:\/\/justcoverit.se\/index.php?rest_route=\/wp\/v2\/product\/1172","targetHints":{"allow":["GET"]}}],"collection":[{"href":"https:\/\/justcoverit.se\/index.php?rest_route=\/wp\/v2\/product"}],"about":[{"href":"https:\/\/justcoverit.se\/index.php?rest_route=\/wp\/v2\/types\/product"}],"replies":[{"embeddable":true,"href":"https:\/\/justcoverit.se\/index.php?rest_route=%2Fwp%2Fv2%2Fcomments&post=1172"}],"wp:featuredmedia":[{"embeddable":true,"href":"https:\/\/justcoverit.se\/index.php?rest_route=\/wp\/v2\/media\/1320"}],"wp:attachment":[{"href":"https:\/\/justcoverit.se\/index.php?rest_route=%2Fwp%2Fv2%2Fmedia&parent=1172"}],"wp:term":[{"taxonomy":"product_brand","embeddable":true,"href":"https:\/\/justcoverit.se\/index.php?rest_route=%2Fwp%2Fv2%2Fproduct_brand&post=1172"},{"taxonomy":"product_cat","embeddable":true,"href":"https:\/\/justcoverit.se\/index.php?rest_route=%2Fwp%2Fv2%2Fproduct_cat&post=1172"},{"taxonomy":"product_tag","embeddable":true,"href":"https:\/\/justcoverit.se\/index.php?rest_route=%2Fwp%2Fv2%2Fproduct_tag&post=1172"}],"curies":[{"name":"wp","href":"https:\/\/api.w.org\/{rel}","templated":true}]}}