{"id":1491,"date":"2025-11-24T18:23:19","date_gmt":"2025-11-24T18:23:19","guid":{"rendered":"https:\/\/justcoverit.se\/?post_type=product&#038;p=1491"},"modified":"2026-01-05T17:44:14","modified_gmt":"2026-01-05T17:44:14","slug":"to-dare-is-to-do-driver","status":"publish","type":"product","link":"https:\/\/justcoverit.se\/?product=to-dare-is-to-do-driver","title":{"rendered":"To Dare Is To Do Driver Headcover"},"content":{"rendered":"<p>[et_pb_section fb_built=&#8221;1&#8243; _builder_version=&#8221;4.16&#8243; custom_padding=&#8221;0px||||false|false&#8221; global_colors_info=&#8221;{}&#8221;][et_pb_row _builder_version=&#8221;4.16&#8243; background_size=&#8221;initial&#8221; background_position=&#8221;top_left&#8221; background_repeat=&#8221;repeat&#8221; width=&#8221;100%&#8221; custom_padding=&#8221;0px||0px||false|false&#8221; global_colors_info=&#8221;{}&#8221;][et_pb_column type=&#8221;4_4&#8243; _builder_version=&#8221;4.16&#8243; custom_padding=&#8221;|||&#8221; global_colors_info=&#8221;{}&#8221; custom_padding__hover=&#8221;|||&#8221;][et_pb_wc_breadcrumb _builder_version=&#8221;4.16&#8243; hover_enabled=&#8221;0&#8243; global_colors_info=&#8221;{%22gcid-28366106-ecf8-496b-97f0-6a9be6882356%22:%91%22link_text_color%22%93}&#8221; link_text_color=&#8221;gcid-28366106-ecf8-496b-97f0-6a9be6882356&#8243; sticky_enabled=&#8221;0&#8243;][\/et_pb_wc_breadcrumb][et_pb_wc_cart_notice _builder_version=&#8221;4.27.5&#8243; hover_enabled=&#8221;0&#8243; global_colors_info=&#8221;{}&#8221; button_bg_color=&#8221;#000000&#8243; sticky_enabled=&#8221;0&#8243; title_text_color=&#8221;#000000&#8243;][\/et_pb_wc_cart_notice][\/et_pb_column][\/et_pb_row][et_pb_row column_structure=&#8221;1_2,1_2&#8243; _builder_version=&#8221;4.16&#8243; background_size=&#8221;initial&#8221; background_position=&#8221;top_left&#8221; background_repeat=&#8221;repeat&#8221; width=&#8221;100%&#8221; custom_padding=&#8221;0px||||false|false&#8221; global_colors_info=&#8221;{}&#8221;][et_pb_column type=&#8221;1_2&#8243; _builder_version=&#8221;4.16&#8243; custom_padding=&#8221;|||&#8221; global_colors_info=&#8221;{}&#8221; custom_padding__hover=&#8221;|||&#8221;][et_pb_wc_images _builder_version=&#8221;4.16&#8243; global_colors_info=&#8221;{}&#8221;][\/et_pb_wc_images][\/et_pb_column][et_pb_column type=&#8221;1_2&#8243; _builder_version=&#8221;4.16&#8243; custom_padding=&#8221;|||&#8221; global_colors_info=&#8221;{}&#8221; custom_padding__hover=&#8221;|||&#8221;][et_pb_wc_title _builder_version=&#8221;4.16&#8243; global_colors_info=&#8221;{}&#8221;][\/et_pb_wc_title][et_pb_wc_rating _builder_version=&#8221;4.27.5&#8243; hover_enabled=&#8221;0&#8243; global_colors_info=&#8221;{%22gcid-body-color%22:%91%22body_text_color%22%93,%22gcid-28366106-ecf8-496b-97f0-6a9be6882356%22:%91%22rating_text_color%22%93}&#8221; rating_text_color=&#8221;gcid-28366106-ecf8-496b-97f0-6a9be6882356&#8243; sticky_enabled=&#8221;0&#8243;][\/et_pb_wc_rating][et_pb_wc_price _builder_version=&#8221;4.27.5&#8243; hover_enabled=&#8221;0&#8243; global_colors_info=&#8221;{%22gcid-body-color%22:%91%22before_sale_price_text_color%22,%22sale_price_text_color%22%93,%22gcid-28366106-ecf8-496b-97f0-6a9be6882356%22:%91%22body_text_color%22%93}&#8221; body_text_color=&#8221;gcid-28366106-ecf8-496b-97f0-6a9be6882356&#8243; sticky_enabled=&#8221;0&#8243;][\/et_pb_wc_price][et_pb_wc_description _builder_version=&#8221;4.27.5&#8243; global_colors_info=&#8221;{}&#8221;][\/et_pb_wc_description][et_pb_wc_add_to_cart _builder_version=&#8221;4.16&#8243; global_colors_info=&#8221;{}&#8221;][\/et_pb_wc_add_to_cart][et_pb_wc_meta _builder_version=&#8221;4.27.5&#8243; hover_enabled=&#8221;0&#8243; global_colors_info=&#8221;{%22gcid-28366106-ecf8-496b-97f0-6a9be6882356%22:%91%22link_text_color%22%93}&#8221; link_text_color=&#8221;gcid-28366106-ecf8-496b-97f0-6a9be6882356&#8243; sticky_enabled=&#8221;0&#8243;][\/et_pb_wc_meta][\/et_pb_column][\/et_pb_row][et_pb_row _builder_version=&#8221;4.16&#8243; background_size=&#8221;initial&#8221; background_position=&#8221;top_left&#8221; background_repeat=&#8221;repeat&#8221; width=&#8221;100%&#8221; global_colors_info=&#8221;{}&#8221;][et_pb_column type=&#8221;4_4&#8243; _builder_version=&#8221;4.16&#8243; custom_padding=&#8221;|||&#8221; global_colors_info=&#8221;{}&#8221; custom_padding__hover=&#8221;|||&#8221;][et_pb_wc_tabs _builder_version=&#8221;4.16&#8243; global_colors_info=&#8221;{}&#8221;]\t\t\t\t\t[\/et_pb_wc_tabs][et_pb_wc_upsells _builder_version=&#8221;4.16&#8243; global_colors_info=&#8221;{}&#8221;][\/et_pb_wc_upsells][et_pb_wc_related_products _builder_version=&#8221;4.16&#8243; global_colors_info=&#8221;{}&#8221;][\/et_pb_wc_related_products][\/et_pb_column][\/et_pb_row][\/et_pb_section]<\/p>\n","protected":false},"excerpt":{"rendered":"<p data-start=\"1301\" data-end=\"1477\">Med denna driver headcover f\u00f6r golf handlar allt om att v\u00e5ga. Budskapet \u201dTo Dare Is To Do\u201d \u00e4r inspirerat av fotbollens k\u00e4nsla och ett ikoniskt London-lag. Till dig som vill sticka ut p\u00e5 golfbanan.<\/p>\n","protected":false},"featured_media":1489,"comment_status":"open","ping_status":"closed","template":"","meta":{"_et_pb_use_builder":"on","_et_pb_old_content":"<p data-start=\"139\" data-end=\"389\">Med denna headcover handlar allt om att v\u00e5ga. Budskapet <strong data-start=\"195\" data-end=\"217\">\u201dTo Dare Is To Do\u201d<\/strong> st\u00e5r f\u00f6r mod, sj\u00e4lvf\u00f6rtroende och viljan att ta n\u00e4sta steg \u2013 b\u00e5de p\u00e5 och utanf\u00f6r golfbanan. Den \u00e4r skapad f\u00f6r golfare som spelar med inst\u00e4llningen att varje slag r\u00e4knas.<\/p>\r\n<p data-start=\"396\" data-end=\"689\">Headcovern kombinerar fotbollens ikoniska citat med en stilren och modern design, inspirerad av ett v\u00e4lk\u00e4nt London-lag. Resultatet \u00e4r en golf-headcover som inte bara skyddar din driver, utan ocks\u00e5 ger din golfbag ett kraftfullt och sj\u00e4lvs\u00e4kert uttryck som g\u00f6r att du sticker ut p\u00e5 golfbanan.<\/p>\r\n<p data-start=\"696\" data-end=\"880\">Tillverkad i slitstarkt PU-l\u00e4der som ger p\u00e5litligt skydd mot repor, smuts och slitage. Headcovern sitter s\u00e4kert p\u00e5 klubban och passar de flesta drivers, b\u00e5de under tr\u00e4ning och t\u00e4vling.<\/p>","_et_gb_content_width":""},"product_brand":[70],"product_cat":[74],"product_tag":[],"class_list":{"0":"post-1491","1":"product","2":"type-product","3":"status-publish","4":"has-post-thumbnail","6":"product_brand-just-cover-it-headcover","7":"product_cat-driver","9":"first","10":"instock","11":"purchasable","12":"product-type-simple"},"jetpack_sharing_enabled":true,"_links":{"self":[{"href":"https:\/\/justcoverit.se\/index.php?rest_route=\/wp\/v2\/product\/1491","targetHints":{"allow":["GET"]}}],"collection":[{"href":"https:\/\/justcoverit.se\/index.php?rest_route=\/wp\/v2\/product"}],"about":[{"href":"https:\/\/justcoverit.se\/index.php?rest_route=\/wp\/v2\/types\/product"}],"replies":[{"embeddable":true,"href":"https:\/\/justcoverit.se\/index.php?rest_route=%2Fwp%2Fv2%2Fcomments&post=1491"}],"wp:featuredmedia":[{"embeddable":true,"href":"https:\/\/justcoverit.se\/index.php?rest_route=\/wp\/v2\/media\/1489"}],"wp:attachment":[{"href":"https:\/\/justcoverit.se\/index.php?rest_route=%2Fwp%2Fv2%2Fmedia&parent=1491"}],"wp:term":[{"taxonomy":"product_brand","embeddable":true,"href":"https:\/\/justcoverit.se\/index.php?rest_route=%2Fwp%2Fv2%2Fproduct_brand&post=1491"},{"taxonomy":"product_cat","embeddable":true,"href":"https:\/\/justcoverit.se\/index.php?rest_route=%2Fwp%2Fv2%2Fproduct_cat&post=1491"},{"taxonomy":"product_tag","embeddable":true,"href":"https:\/\/justcoverit.se\/index.php?rest_route=%2Fwp%2Fv2%2Fproduct_tag&post=1491"}],"curies":[{"name":"wp","href":"https:\/\/api.w.org\/{rel}","templated":true}]}}